{"id":21236,"date":"2025-12-11T09:49:33","date_gmt":"2025-12-11T17:49:33","guid":{"rendered":"https:\/\/moldearte.com\/?page_id=21236"},"modified":"2025-12-11T09:56:15","modified_gmt":"2025-12-11T17:56:15","slug":"gracias-por-tu-pedido","status":"publish","type":"page","link":"https:\/\/moldearte.com\/en\/gracias-por-tu-pedido\/","title":{"rendered":"Gracias por tu pedido"},"content":{"rendered":"<div data-elementor-type=\"wp-page\" data-elementor-id=\"21236\" class=\"elementor elementor-21236\" data-elementor-settings=\"{&quot;ha_cmc_init_switcher&quot;:&quot;no&quot;}\">\n\t\t\t\t<div class=\"elementor-element elementor-element-2fcc0692 e-flex e-con-boxed e-con e-parent\" data-id=\"2fcc0692\" data-element_type=\"container\" data-e-type=\"container\" data-settings=\"{&quot;_ha_eqh_enable&quot;:false}\">\n\t\t\t\t\t<div class=\"e-con-inner\">\n\t\t<div class=\"elementor-element elementor-element-1f021675 e-con-full e-flex e-con e-child\" data-id=\"1f021675\" data-element_type=\"container\" data-e-type=\"container\" data-settings=\"{&quot;_ha_eqh_enable&quot;:false}\">\n\t\t\t\t<div class=\"elementor-element elementor-element-434a618f elementor-widget elementor-widget-heading\" data-id=\"434a618f\" data-element_type=\"widget\" data-e-type=\"widget\" data-widget_type=\"heading.default\">\n\t\t\t\t<div class=\"elementor-widget-container\">\n\t\t\t\t\t<h2 class=\"elementor-heading-title elementor-size-default\">\u00a1Tu pedido se recibio con \u00e9xito!<\/h2>\t\t\t\t<\/div>\n\t\t\t\t<\/div>\n\t\t\t\t<div class=\"elementor-element elementor-element-7d72cb1b elementor-widget elementor-widget-heading\" data-id=\"7d72cb1b\" data-element_type=\"widget\" data-e-type=\"widget\" data-widget_type=\"heading.default\">\n\t\t\t\t<div class=\"elementor-widget-container\">\n\t\t\t\t\t<h3 class=\"elementor-heading-title elementor-size-default\">En este momento nos encontramos validando tu pago<\/h3>\t\t\t\t<\/div>\n\t\t\t\t<\/div>\n\t\t\t\t<div class=\"elementor-element elementor-element-2d452290 elementor-widget elementor-widget-text-editor\" data-id=\"2d452290\" data-element_type=\"widget\" data-e-type=\"widget\" data-widget_type=\"text-editor.default\">\n\t\t\t\t<div class=\"elementor-widget-container\">\n\t\t\t\t\t\t\t\t\t<p style=\"text-align: center;\">Recuerda agregar a <strong><a href=\"mailto:contacto@moldearte\">citas@moldearte<\/a><\/strong> y <strong><a href=\"mailto:tienda@moldearte.comn\">tienda@moldearte.com<\/a> <\/strong>a tus contactos para recibirlos en la bandeja principal, de lo contrario pueden llegar a <b>SPAM<\/b><\/p>\n<p style=\"text-align: center;\">Recuerda que nuestros n\u00fameros de Atenci\u00f3n a clientes son: 664 435 4627, 664 169 0351 o al 664 576 8665 \ud83d\ude0a<\/p>\t\t\t\t\t\t\t\t<\/div>\n\t\t\t\t<\/div>\n\t\t\t\t<\/div>\n\t\t<div class=\"elementor-element elementor-element-365fc2e2 e-con-full e-flex e-con e-child\" data-id=\"365fc2e2\" data-element_type=\"container\" data-e-type=\"container\" data-settings=\"{&quot;_ha_eqh_enable&quot;:false}\">\n\t\t\t\t<div class=\"elementor-element elementor-element-78570897 elementor-widget elementor-widget-image\" data-id=\"78570897\" data-element_type=\"widget\" data-e-type=\"widget\" data-widget_type=\"image.default\">\n\t\t\t\t<div class=\"elementor-widget-container\">\n\t\t\t\t\t\t\t\t\t\t\t\t\t\t\t<img decoding=\"async\" src=\"https:\/\/moldearte.com\/wp-content\/uploads\/2024\/01\/feliz.gif\" title=\"\" alt=\"\" loading=\"lazy\" \/>\t\t\t\t\t\t\t\t\t\t\t\t\t\t\t<\/div>\n\t\t\t\t<\/div>\n\t\t\t\t<\/div>\n\t\t\t\t\t<\/div>\n\t\t\t\t<\/div>\n\t\t\t\t<\/div>","protected":false},"excerpt":{"rendered":"<p>\u00a1Tu pedido se recibio con \u00e9xito! En este momento nos encontramos validando tu pago Recuerda agregar a citas@moldearte y tienda@moldearte.com a tus contactos para recibirlos en la bandeja principal, de lo contrario pueden llegar a SPAM Recuerda que nuestros n\u00fameros de Atenci\u00f3n a clientes son: 664 435 4627, 664 169 0351 o al 664 576 8665 \ud83d\ude0a<\/p>","protected":false},"author":1,"featured_media":0,"parent":0,"menu_order":0,"comment_status":"closed","ping_status":"closed","template":"","meta":{"footnotes":""},"class_list":["post-21236","page","type-page","status-publish","hentry","post-no-thumbnail"],"yoast_head":"<!-- This site is optimized with the Yoast SEO Premium plugin v27.2 (Yoast SEO v27.5) - https:\/\/yoast.com\/product\/yoast-seo-premium-wordpress\/ -->\n<title>Gracias por tu pedido - MoldeArte | L\u00edderes en Medicina Est\u00e9tica en Tijuana y Rosarito<\/title>\n<meta name=\"robots\" content=\"index, follow, max-snippet:-1, max-image-preview:large, max-video-preview:-1\" \/>\n<link rel=\"canonical\" href=\"https:\/\/moldearte.com\/en\/gracias-por-tu-pedido\/\" \/>\n<meta property=\"og:locale\" content=\"en_US\" \/>\n<meta property=\"og:type\" content=\"article\" \/>\n<meta property=\"og:title\" content=\"Gracias por tu pedido\" \/>\n<meta property=\"og:description\" content=\"\u00a1Tu pedido se recibio con \u00e9xito! En este momento nos encontramos validando tu pago Recuerda agregar a citas@moldearte y tienda@moldearte.com a tus contactos para recibirlos en la bandeja principal, de lo contrario pueden llegar a SPAM Recuerda que nuestros n\u00fameros de Atenci\u00f3n a clientes son: 664 435 4627, 664 169 0351 o al 664 576 8665 \ud83d\ude0a\" \/>\n<meta property=\"og:url\" content=\"https:\/\/moldearte.com\/en\/gracias-por-tu-pedido\/\" \/>\n<meta property=\"og:site_name\" content=\"MoldeArte | L\u00edderes en Medicina Est\u00e9tica en Tijuana y Rosarito\" \/>\n<meta property=\"article:modified_time\" content=\"2025-12-11T17:56:15+00:00\" \/>\n<meta property=\"og:image\" content=\"https:\/\/moldearte.com\/wp-content\/uploads\/2024\/01\/feliz.gif\" \/>\n<meta name=\"twitter:card\" content=\"summary_large_image\" \/>\n<script type=\"application\/ld+json\" class=\"yoast-schema-graph\">{\"@context\":\"https:\\\/\\\/schema.org\",\"@graph\":[{\"@type\":\"WebPage\",\"@id\":\"https:\\\/\\\/moldearte.com\\\/gracias-por-tu-pedido\\\/\",\"url\":\"https:\\\/\\\/moldearte.com\\\/gracias-por-tu-pedido\\\/\",\"name\":\"Gracias por tu pedido - MoldeArte | L\u00edderes en Medicina Est\u00e9tica en Tijuana y Rosarito\",\"isPartOf\":{\"@id\":\"https:\\\/\\\/moldearte.com\\\/#website\"},\"primaryImageOfPage\":{\"@id\":\"https:\\\/\\\/moldearte.com\\\/gracias-por-tu-pedido\\\/#primaryimage\"},\"image\":{\"@id\":\"https:\\\/\\\/moldearte.com\\\/gracias-por-tu-pedido\\\/#primaryimage\"},\"thumbnailUrl\":\"https:\\\/\\\/moldearte.com\\\/wp-content\\\/uploads\\\/2024\\\/01\\\/feliz.gif\",\"datePublished\":\"2025-12-11T17:49:33+00:00\",\"dateModified\":\"2025-12-11T17:56:15+00:00\",\"breadcrumb\":{\"@id\":\"https:\\\/\\\/moldearte.com\\\/gracias-por-tu-pedido\\\/#breadcrumb\"},\"inLanguage\":\"en-US\",\"potentialAction\":[{\"@type\":\"ReadAction\",\"target\":[\"https:\\\/\\\/moldearte.com\\\/gracias-por-tu-pedido\\\/\"]}]},{\"@type\":\"ImageObject\",\"inLanguage\":\"en-US\",\"@id\":\"https:\\\/\\\/moldearte.com\\\/gracias-por-tu-pedido\\\/#primaryimage\",\"url\":\"https:\\\/\\\/moldearte.com\\\/wp-content\\\/uploads\\\/2024\\\/01\\\/feliz.gif\",\"contentUrl\":\"https:\\\/\\\/moldearte.com\\\/wp-content\\\/uploads\\\/2024\\\/01\\\/feliz.gif\"},{\"@type\":\"BreadcrumbList\",\"@id\":\"https:\\\/\\\/moldearte.com\\\/gracias-por-tu-pedido\\\/#breadcrumb\",\"itemListElement\":[{\"@type\":\"ListItem\",\"position\":1,\"name\":\"Portada\",\"item\":\"https:\\\/\\\/moldearte.com\\\/\"},{\"@type\":\"ListItem\",\"position\":2,\"name\":\"Gracias por tu pedido\"}]},{\"@type\":\"WebSite\",\"@id\":\"https:\\\/\\\/moldearte.com\\\/#website\",\"url\":\"https:\\\/\\\/moldearte.com\\\/\",\"name\":\"MoldeArte | L\u00edderes en Medicina Est\u00e9tica en Tijuana y Rosarito\",\"description\":\"Rejuvenecimiento Facial y corporal sin cirug\u00eda\",\"publisher\":{\"@id\":\"https:\\\/\\\/moldearte.com\\\/#organization\"},\"potentialAction\":[{\"@type\":\"SearchAction\",\"target\":{\"@type\":\"EntryPoint\",\"urlTemplate\":\"https:\\\/\\\/moldearte.com\\\/?s={search_term_string}\"},\"query-input\":{\"@type\":\"PropertyValueSpecification\",\"valueRequired\":true,\"valueName\":\"search_term_string\"}}],\"inLanguage\":\"en-US\"},{\"@type\":\"Organization\",\"@id\":\"https:\\\/\\\/moldearte.com\\\/#organization\",\"name\":\"MoldeArte | L\u00edderes en Medicina Est\u00e9tica en Tijuana y Rosarito\",\"url\":\"https:\\\/\\\/moldearte.com\\\/\",\"logo\":{\"@type\":\"ImageObject\",\"inLanguage\":\"en-US\",\"@id\":\"https:\\\/\\\/moldearte.com\\\/#\\\/schema\\\/logo\\\/image\\\/\",\"url\":\"https:\\\/\\\/moldearte.com\\\/wp-content\\\/uploads\\\/2023\\\/01\\\/cropped-cropped-rejuvenecimiento-facial-sin-cirugia-tijuana.png\",\"contentUrl\":\"https:\\\/\\\/moldearte.com\\\/wp-content\\\/uploads\\\/2023\\\/01\\\/cropped-cropped-rejuvenecimiento-facial-sin-cirugia-tijuana.png\",\"width\":3255,\"height\":1059,\"caption\":\"MoldeArte | L\u00edderes en Medicina Est\u00e9tica en Tijuana y Rosarito\"},\"image\":{\"@id\":\"https:\\\/\\\/moldearte.com\\\/#\\\/schema\\\/logo\\\/image\\\/\"}}]}<\/script>\n<!-- \/ Yoast SEO Premium plugin. -->","yoast_head_json":{"title":"Gracias por tu pedido - MoldeArte | L\u00edderes en Medicina Est\u00e9tica en Tijuana y Rosarito","robots":{"index":"index","follow":"follow","max-snippet":"max-snippet:-1","max-image-preview":"max-image-preview:large","max-video-preview":"max-video-preview:-1"},"canonical":"https:\/\/moldearte.com\/en\/gracias-por-tu-pedido\/","og_locale":"en_US","og_type":"article","og_title":"Gracias por tu pedido","og_description":"\u00a1Tu pedido se recibio con \u00e9xito! En este momento nos encontramos validando tu pago Recuerda agregar a citas@moldearte y tienda@moldearte.com a tus contactos para recibirlos en la bandeja principal, de lo contrario pueden llegar a SPAM Recuerda que nuestros n\u00fameros de Atenci\u00f3n a clientes son: 664 435 4627, 664 169 0351 o al 664 576 8665 \ud83d\ude0a","og_url":"https:\/\/moldearte.com\/en\/gracias-por-tu-pedido\/","og_site_name":"MoldeArte | L\u00edderes en Medicina Est\u00e9tica en Tijuana y Rosarito","article_modified_time":"2025-12-11T17:56:15+00:00","og_image":[{"url":"https:\/\/moldearte.com\/wp-content\/uploads\/2024\/01\/feliz.gif","type":"","width":"","height":""}],"twitter_card":"summary_large_image","schema":{"@context":"https:\/\/schema.org","@graph":[{"@type":"WebPage","@id":"https:\/\/moldearte.com\/gracias-por-tu-pedido\/","url":"https:\/\/moldearte.com\/gracias-por-tu-pedido\/","name":"Gracias por tu pedido - MoldeArte | L\u00edderes en Medicina Est\u00e9tica en Tijuana y Rosarito","isPartOf":{"@id":"https:\/\/moldearte.com\/#website"},"primaryImageOfPage":{"@id":"https:\/\/moldearte.com\/gracias-por-tu-pedido\/#primaryimage"},"image":{"@id":"https:\/\/moldearte.com\/gracias-por-tu-pedido\/#primaryimage"},"thumbnailUrl":"https:\/\/moldearte.com\/wp-content\/uploads\/2024\/01\/feliz.gif","datePublished":"2025-12-11T17:49:33+00:00","dateModified":"2025-12-11T17:56:15+00:00","breadcrumb":{"@id":"https:\/\/moldearte.com\/gracias-por-tu-pedido\/#breadcrumb"},"inLanguage":"en-US","potentialAction":[{"@type":"ReadAction","target":["https:\/\/moldearte.com\/gracias-por-tu-pedido\/"]}]},{"@type":"ImageObject","inLanguage":"en-US","@id":"https:\/\/moldearte.com\/gracias-por-tu-pedido\/#primaryimage","url":"https:\/\/moldearte.com\/wp-content\/uploads\/2024\/01\/feliz.gif","contentUrl":"https:\/\/moldearte.com\/wp-content\/uploads\/2024\/01\/feliz.gif"},{"@type":"BreadcrumbList","@id":"https:\/\/moldearte.com\/gracias-por-tu-pedido\/#breadcrumb","itemListElement":[{"@type":"ListItem","position":1,"name":"Portada","item":"https:\/\/moldearte.com\/"},{"@type":"ListItem","position":2,"name":"Gracias por tu pedido"}]},{"@type":"WebSite","@id":"https:\/\/moldearte.com\/#website","url":"https:\/\/moldearte.com\/","name":"MoldeArte | L\u00edderes en Medicina Est\u00e9tica en Tijuana y Rosarito","description":"Rejuvenecimiento Facial y corporal sin cirug\u00eda","publisher":{"@id":"https:\/\/moldearte.com\/#organization"},"potentialAction":[{"@type":"SearchAction","target":{"@type":"EntryPoint","urlTemplate":"https:\/\/moldearte.com\/?s={search_term_string}"},"query-input":{"@type":"PropertyValueSpecification","valueRequired":true,"valueName":"search_term_string"}}],"inLanguage":"en-US"},{"@type":"Organization","@id":"https:\/\/moldearte.com\/#organization","name":"MoldeArte | L\u00edderes en Medicina Est\u00e9tica en Tijuana y Rosarito","url":"https:\/\/moldearte.com\/","logo":{"@type":"ImageObject","inLanguage":"en-US","@id":"https:\/\/moldearte.com\/#\/schema\/logo\/image\/","url":"https:\/\/moldearte.com\/wp-content\/uploads\/2023\/01\/cropped-cropped-rejuvenecimiento-facial-sin-cirugia-tijuana.png","contentUrl":"https:\/\/moldearte.com\/wp-content\/uploads\/2023\/01\/cropped-cropped-rejuvenecimiento-facial-sin-cirugia-tijuana.png","width":3255,"height":1059,"caption":"MoldeArte | L\u00edderes en Medicina Est\u00e9tica en Tijuana y Rosarito"},"image":{"@id":"https:\/\/moldearte.com\/#\/schema\/logo\/image\/"}}]}},"_links":{"self":[{"href":"https:\/\/moldearte.com\/en\/wp-json\/wp\/v2\/pages\/21236","targetHints":{"allow":["GET"]}}],"collection":[{"href":"https:\/\/moldearte.com\/en\/wp-json\/wp\/v2\/pages"}],"about":[{"href":"https:\/\/moldearte.com\/en\/wp-json\/wp\/v2\/types\/page"}],"author":[{"embeddable":true,"href":"https:\/\/moldearte.com\/en\/wp-json\/wp\/v2\/users\/1"}],"replies":[{"embeddable":true,"href":"https:\/\/moldearte.com\/en\/wp-json\/wp\/v2\/comments?post=21236"}],"version-history":[{"count":10,"href":"https:\/\/moldearte.com\/en\/wp-json\/wp\/v2\/pages\/21236\/revisions"}],"predecessor-version":[{"id":21253,"href":"https:\/\/moldearte.com\/en\/wp-json\/wp\/v2\/pages\/21236\/revisions\/21253"}],"wp:attachment":[{"href":"https:\/\/moldearte.com\/en\/wp-json\/wp\/v2\/media?parent=21236"}],"curies":[{"name":"wp","href":"https:\/\/api.w.org\/{rel}","templated":true}]}}